{"id":7,"date":"2019-07-20T17:48:10","date_gmt":"2019-07-20T15:48:10","guid":{"rendered":"http:\/\/localhost\/fpctissue\/?page_id=7"},"modified":"2025-10-06T15:56:28","modified_gmt":"2025-10-06T18:56:28","slug":"inicio","status":"publish","type":"page","link":"https:\/\/www.fpctissue.cl\/es\/","title":{"rendered":"Inicio"},"content":{"rendered":"","protected":false},"excerpt":{"rendered":"","protected":false},"author":1,"featured_media":0,"parent":0,"menu_order":0,"comment_status":"closed","ping_status":"closed","template":"","meta":{"footnotes":""},"acf":[],"yoast_head":"<!-- This site is optimized with the Yoast SEO plugin v21.4 - https:\/\/yoast.com\/wordpress\/plugins\/seo\/ -->\n<title>FPC Tissue Fabricamos papel Tissue de alta calidad<\/title>\n<meta name=\"description\" content=\"Uso de tecnolog\u00eda de punta que nos permite un menor consumo energ\u00e9tico en la fabricaci\u00f3n de nuestros productos. Fabricamos papel Tissue de alta calidad.\" \/>\n<meta name=\"robots\" content=\"index, follow, max-snippet:-1, max-image-preview:large, max-video-preview:-1\" \/>\n<link rel=\"canonical\" href=\"https:\/\/www.fpctissue.cl\/es\/\" \/>\n<meta property=\"og:locale\" content=\"es_ES\" \/>\n<meta property=\"og:type\" content=\"article\" \/>\n<meta property=\"og:title\" content=\"FPC Tissue Fabricamos papel Tissue de alta calidad\" \/>\n<meta property=\"og:description\" content=\"Uso de tecnolog\u00eda de punta que nos permite un menor consumo energ\u00e9tico en la fabricaci\u00f3n de nuestros productos. Fabricamos papel Tissue de alta calidad.\" \/>\n<meta property=\"og:url\" content=\"https:\/\/www.fpctissue.cl\/es\/\" \/>\n<meta property=\"og:site_name\" content=\"FPC Tissue\" \/>\n<meta property=\"article:modified_time\" content=\"2025-10-06T18:56:28+00:00\" \/>\n<meta name=\"twitter:card\" content=\"summary_large_image\" \/>\n<script type=\"application\/ld+json\" class=\"yoast-schema-graph\">{\"@context\":\"https:\/\/schema.org\",\"@graph\":[{\"@type\":\"WebPage\",\"@id\":\"https:\/\/www.fpctissue.cl\/es\/\",\"url\":\"https:\/\/www.fpctissue.cl\/es\/\",\"name\":\"FPC Tissue Fabricamos papel Tissue de alta calidad\",\"isPartOf\":{\"@id\":\"https:\/\/www.fpctissue.cl\/es\/#website\"},\"datePublished\":\"2019-07-20T15:48:10+00:00\",\"dateModified\":\"2025-10-06T18:56:28+00:00\",\"description\":\"Uso de tecnolog\u00eda de punta que nos permite un menor consumo energ\u00e9tico en la fabricaci\u00f3n de nuestros productos. Fabricamos papel Tissue de alta calidad.\",\"breadcrumb\":{\"@id\":\"https:\/\/www.fpctissue.cl\/es\/#breadcrumb\"},\"inLanguage\":\"es\",\"potentialAction\":[{\"@type\":\"ReadAction\",\"target\":[[\"https:\/\/www.fpctissue.cl\/es\/\"]]}]},{\"@type\":\"BreadcrumbList\",\"@id\":\"https:\/\/www.fpctissue.cl\/es\/#breadcrumb\",\"itemListElement\":[{\"@type\":\"ListItem\",\"position\":1,\"name\":\"Portada\",\"item\":\"https:\/\/www.fpctissue.cl\/es\/\"},{\"@type\":\"ListItem\",\"position\":2,\"name\":\"Inicio\"}]},{\"@type\":\"WebSite\",\"@id\":\"https:\/\/www.fpctissue.cl\/es\/#website\",\"url\":\"https:\/\/www.fpctissue.cl\/es\/\",\"name\":\"FPC Tissue\",\"description\":\"Papel de alta Calidad\",\"potentialAction\":[{\"@type\":\"SearchAction\",\"target\":{\"@type\":\"EntryPoint\",\"urlTemplate\":\"https:\/\/www.fpctissue.cl\/es\/?s={search_term_string}\"},\"query-input\":\"required name=search_term_string\"}],\"inLanguage\":\"es\"}]}<\/script>\n<!-- \/ Yoast SEO plugin. -->","yoast_head_json":{"title":"FPC Tissue Fabricamos papel Tissue de alta calidad","description":"Uso de tecnolog\u00eda de punta que nos permite un menor consumo energ\u00e9tico en la fabricaci\u00f3n de nuestros productos. Fabricamos papel Tissue de alta calidad.","robots":{"index":"index","follow":"follow","max-snippet":"max-snippet:-1","max-image-preview":"max-image-preview:large","max-video-preview":"max-video-preview:-1"},"canonical":"https:\/\/www.fpctissue.cl\/es\/","og_locale":"es_ES","og_type":"article","og_title":"FPC Tissue Fabricamos papel Tissue de alta calidad","og_description":"Uso de tecnolog\u00eda de punta que nos permite un menor consumo energ\u00e9tico en la fabricaci\u00f3n de nuestros productos. Fabricamos papel Tissue de alta calidad.","og_url":"https:\/\/www.fpctissue.cl\/es\/","og_site_name":"FPC Tissue","article_modified_time":"2025-10-06T18:56:28+00:00","twitter_card":"summary_large_image","schema":{"@context":"https:\/\/schema.org","@graph":[{"@type":"WebPage","@id":"https:\/\/www.fpctissue.cl\/es\/","url":"https:\/\/www.fpctissue.cl\/es\/","name":"FPC Tissue Fabricamos papel Tissue de alta calidad","isPartOf":{"@id":"https:\/\/www.fpctissue.cl\/es\/#website"},"datePublished":"2019-07-20T15:48:10+00:00","dateModified":"2025-10-06T18:56:28+00:00","description":"Uso de tecnolog\u00eda de punta que nos permite un menor consumo energ\u00e9tico en la fabricaci\u00f3n de nuestros productos. Fabricamos papel Tissue de alta calidad.","breadcrumb":{"@id":"https:\/\/www.fpctissue.cl\/es\/#breadcrumb"},"inLanguage":"es","potentialAction":[{"@type":"ReadAction","target":[["https:\/\/www.fpctissue.cl\/es\/"]]}]},{"@type":"BreadcrumbList","@id":"https:\/\/www.fpctissue.cl\/es\/#breadcrumb","itemListElement":[{"@type":"ListItem","position":1,"name":"Portada","item":"https:\/\/www.fpctissue.cl\/es\/"},{"@type":"ListItem","position":2,"name":"Inicio"}]},{"@type":"WebSite","@id":"https:\/\/www.fpctissue.cl\/es\/#website","url":"https:\/\/www.fpctissue.cl\/es\/","name":"FPC Tissue","description":"Papel de alta Calidad","potentialAction":[{"@type":"SearchAction","target":{"@type":"EntryPoint","urlTemplate":"https:\/\/www.fpctissue.cl\/es\/?s={search_term_string}"},"query-input":"required name=search_term_string"}],"inLanguage":"es"}]}},"_links":{"self":[{"href":"https:\/\/www.fpctissue.cl\/es\/wp-json\/wp\/v2\/pages\/7"}],"collection":[{"href":"https:\/\/www.fpctissue.cl\/es\/wp-json\/wp\/v2\/pages"}],"about":[{"href":"https:\/\/www.fpctissue.cl\/es\/wp-json\/wp\/v2\/types\/page"}],"author":[{"embeddable":true,"href":"https:\/\/www.fpctissue.cl\/es\/wp-json\/wp\/v2\/users\/1"}],"replies":[{"embeddable":true,"href":"https:\/\/www.fpctissue.cl\/es\/wp-json\/wp\/v2\/comments?post=7"}],"version-history":[{"count":26,"href":"https:\/\/www.fpctissue.cl\/es\/wp-json\/wp\/v2\/pages\/7\/revisions"}],"predecessor-version":[{"id":872,"href":"https:\/\/www.fpctissue.cl\/es\/wp-json\/wp\/v2\/pages\/7\/revisions\/872"}],"wp:attachment":[{"href":"https:\/\/www.fpctissue.cl\/es\/wp-json\/wp\/v2\/media?parent=7"}],"curies":[{"name":"wp","href":"https:\/\/api.w.org\/{rel}","templated":true}]}}